{"id":1407,"date":"2019-10-23T01:21:07","date_gmt":"2019-10-22T23:21:07","guid":{"rendered":"http:\/\/uhlenbru.ch\/?page_id=1407"},"modified":"2024-01-11T01:09:24","modified_gmt":"2024-01-11T00:09:24","slug":"hochzeit","status":"publish","type":"page","link":"https:\/\/uhlenbru.ch\/?page_id=1407","title":{"rendered":"Hochzeit"},"content":{"rendered":"\n<p>Als Hochzeitsfotograf verfolge ich ein tiefgehendes Ziel, das \u00fcber das einfache Festhalten von Momenten hinausgeht. Meine Mission ist es, die einzigartige Sch\u00f6nheit und emotionale Tiefe jedes Hochzeitstages einzufangen, um unvergessliche Erinnerungen zu schaffen.<\/p>\n\n\n\n<p>Meine Arbeit geht weit \u00fcber das blo\u00dfe Fotografieren hinaus \u2013 sie ist eine kreative Reise, bei der ich die Liebe, die Verbundenheit und die Freude der Paare in authentischen Bildern festhalte. Durch meine Linse strebe ich danach, nicht nur die \u00e4u\u00dfere Pracht des Augenblicks einzufangen, sondern auch die inneren Emotionen und Geschichten, die diesen Tag zu etwas Besonderem machen.<\/p>\n\n\n\n<p>In jedem Hochzeitsfoto strebe ich danach, das Wesen der Liebe einzufangen \u2013 sei es in einem z\u00e4rtlichen Blick, einem herzlichen Lachen oder einem intimen Moment zwischen Braut und Br\u00e4utigam. Mein Ziel ist es, Bilder zu schaffen, die nicht nur den Augenblick einfangen, sondern auch die Liebe und die Verbindung zwischen den Menschen zum Ausdruck bringen.<\/p>\n\n\n\n<p>Durch eine sorgf\u00e4ltige Auswahl von Perspektiven, Lichtverh\u00e4ltnissen und kreativen Elementen strebe ich danach, Hochzeitsfotos zu kreieren, die zeitlos sind und auch Jahre nach der Hochzeit noch die gleiche emotionale Kraft besitzen. Meine Arbeit ist erf\u00fcllt von der \u00dcberzeugung, dass Hochzeitsfotografie nicht nur dokumentieren, sondern auch eine Geschichte erz\u00e4hlen sollte \u2013 eine Geschichte von Liebe, Freude und dem Beginn eines gemeinsamen Lebenswegs.<\/p>\n\n\n\n<p>Letztendlich ist mein Ziel als Hochzeitsfotograf, durch meine Arbeit dazu beizutragen, dass Paare nicht nur ihre Hochzeit, sondern auch die Essenz ihrer Liebe in wundersch\u00f6nen Bildern f\u00fcr immer festhalten k\u00f6nnen.<\/p>\n\n\n\n<p>.<\/p>\n\n\n\n<p class=\"has-text-align-center\"><img loading=\"lazy\" decoding=\"async\" width=\"164\" height=\"156\" class=\"wp-image-1452\" src=\"https:\/\/uhlenbru.ch\/wp-content\/uploads\/2019\/10\/Mark-Uhlenbruch-Fotografie-4.jpg\" alt=\"\" style=\"width: 70px;\"><br><strong>Unverbindliches Hochzeiztsvorgespr\u00e4ch<\/strong><br>Ich nehme mir Zeit um euch kennen zu lernen und alle Fragen zu kl\u00e4ren. <br>Gerne k\u00f6nnt ihr einen Termin mit mir vereinbaren. <em><a href=\"https:\/\/uhlenbru.ch\/?page_id=30\">Klick hier<\/a><\/em><br><\/p>\n\n\n\n<p class=\"has-text-align-center\"><img loading=\"lazy\" decoding=\"async\" width=\"164\" height=\"116\" class=\"wp-image-1456\" style=\"width: 70px;\" src=\"https:\/\/uhlenbru.ch\/wp-content\/uploads\/2019\/10\/Mark-Uhlenbruch-Fotografie-3-1.jpg\" alt=\"\"><br><strong>Hochzeitsreportage<\/strong><br>Euer Tag, meine Bilder. Ich begleite euch durch den tollsten Tag eures Lebens und halte die sch\u00f6nsten Momente Fest.<\/p>\n\n\n\n<p class=\"has-text-align-center\"><img loading=\"lazy\" decoding=\"async\" width=\"164\" height=\"136\" class=\"wp-image-1459\" style=\"width: 70px;\" src=\"https:\/\/uhlenbru.ch\/wp-content\/uploads\/2019\/10\/Mark-Uhlenbruch-Fotografie-1.jpg\" alt=\"\"><br><strong>Bildbearbeitung<\/strong><br>Dies darf nat\u00fcrlich nicht fehlen, ich nicht nur ein leidenschaftlicher Fotograf, sondern liebe es mit Lightroom <br>und Photoshop zu arbeiten um den Bildern den letzten Schliff zu geben.<\/p>\n\n\n\n<p class=\"has-text-align-center\"><strong><img loading=\"lazy\" decoding=\"async\" width=\"164\" height=\"142\" class=\"wp-image-1458\" style=\"width: 70px;\" src=\"https:\/\/uhlenbru.ch\/wp-content\/uploads\/2019\/10\/Mark-Uhlenbruch-Fotografie-2.jpg\" alt=\"\"><\/strong><br><strong>Online Galerie<\/strong><br>Mit der Online Galerie habt ihr und eure G\u00e4ste jederzeit Zugriff auf die Bilder eurer Hochzeit. Selbstverst\u00e4ndlich (bei Wunsch) mit Passwortschutz oder f\u00fcr die \u00d6ffentlichkeit verborgen.<br>Hier gehts zur <em><a aria-label=\" (\u00f6ffnet in neuem Tab)\" href=\"https:\/\/markuhlenbruch.pixieset.com\" target=\"_blank\" rel=\"noreferrer noopener\">Galerie<\/a><\/em><\/p>\n\n\n<div id=\"jig1\" class=\"justified-image-grid jig-e2bd2bdcde0e8e7a413aa2acef6e1de2 jig-preset-global\"><div class=\"jig-clearfix\"><\/div><noscript id=\"jig1-html\" class=\"justified-image-grid-html\" data-lazy-src=\"skiplazyload\" data-src=\"skipunveillazyload\"><ul><li><a href=\"https:\/\/uhlenbru.ch\/\/wp-content\/gallery\/hochzeit\/Mark-Uhlenbruch-Hochzeit-Paar-Fotografie-1.png\"><img loading=\"lazy\" decoding=\"async\" src=\"https:\/\/uhlenbru.ch\/wp-content\/plugins\/justified-image-grid\/timthumb.php?src=https%3A%2F%2Fuhlenbru.ch%2Fwp-content%2Fgallery%2Fhochzeit%2FMark-Uhlenbruch-Hochzeit-Paar-Fotografie-1.png&amp;h=175&amp;q=90\" alt=\"Mark Uhlenbruch Hochzeit Paar Fotografie 1\" width=\"262\" height=\"175\" \/><\/a><p class=\"jig-HTMLdescription\">Mark Uhlenbruch Hochzeit Paar Fotografie 1<br\/><\/p><\/li><li><a href=\"https:\/\/uhlenbru.ch\/\/wp-content\/gallery\/hochzeit\/Mark-Uhlenbruch-Hochzeit-Wedding-Paar-Fotografie-15.jpg\"><img loading=\"lazy\" decoding=\"async\" src=\"https:\/\/uhlenbru.ch\/wp-content\/plugins\/justified-image-grid\/timthumb.php?src=https%3A%2F%2Fuhlenbru.ch%2Fwp-content%2Fgallery%2Fhochzeit%2FMark-Uhlenbruch-Hochzeit-Wedding-Paar-Fotografie-15.jpg&amp;h=175&amp;q=90&amp;f=.jpg\" alt=\"Mark Uhlenbruch Hochzeit Wedding Paar Fotografie-15\" width=\"261\" height=\"175\" \/><\/a><p class=\"jig-HTMLdescription\">Mark Uhlenbruch Hochzeit Wedding Paar Fotografie-15<br\/><\/p><\/li><li><a href=\"https:\/\/uhlenbru.ch\/\/wp-content\/gallery\/hochzeit\/Mark-Uhlenbruch-Hochzeit-Wedding-Paar-Fotografie-14.jpg\"><img loading=\"lazy\" decoding=\"async\" src=\"https:\/\/uhlenbru.ch\/wp-content\/plugins\/justified-image-grid\/timthumb.php?src=https%3A%2F%2Fuhlenbru.ch%2Fwp-content%2Fgallery%2Fhochzeit%2FMark-Uhlenbruch-Hochzeit-Wedding-Paar-Fotografie-14.jpg&amp;h=175&amp;q=90&amp;f=.jpg\" alt=\"Mark Uhlenbruch Hochzeit Wedding Paar Fotografie-14\" width=\"116\" height=\"175\" \/><\/a><p class=\"jig-HTMLdescription\">Mark Uhlenbruch Hochzeit Wedding Paar Fotografie-14<br\/><\/p><\/li><li><a href=\"https:\/\/uhlenbru.ch\/\/wp-content\/gallery\/hochzeit\/Mark-Uhlenbruch-Hochzeit-Wedding-Paar-Fotografie-13.jpg\"><img loading=\"lazy\" decoding=\"async\" src=\"https:\/\/uhlenbru.ch\/wp-content\/plugins\/justified-image-grid\/timthumb.php?src=https%3A%2F%2Fuhlenbru.ch%2Fwp-content%2Fgallery%2Fhochzeit%2FMark-Uhlenbruch-Hochzeit-Wedding-Paar-Fotografie-13.jpg&amp;h=175&amp;q=90&amp;f=.jpg\" alt=\"Mark Uhlenbruch Hochzeit Wedding Paar Fotografie-13\" width=\"115\" height=\"175\" \/><\/a><p class=\"jig-HTMLdescription\">Mark Uhlenbruch Hochzeit Wedding Paar Fotografie-13<br\/><\/p><\/li><li><a href=\"https:\/\/uhlenbru.ch\/\/wp-content\/gallery\/hochzeit\/Mark-Uhlenbruch-Hochzeit-Wedding-Paar-Fotografie-11.jpg\"><img loading=\"lazy\" decoding=\"async\" src=\"https:\/\/uhlenbru.ch\/wp-content\/plugins\/justified-image-grid\/timthumb.php?src=https%3A%2F%2Fuhlenbru.ch%2Fwp-content%2Fgallery%2Fhochzeit%2FMark-Uhlenbruch-Hochzeit-Wedding-Paar-Fotografie-11.jpg&amp;h=175&amp;q=90&amp;f=.jpg\" alt=\"Mark Uhlenbruch Hochzeit Wedding Paar Fotografie-11\" width=\"261\" height=\"175\" \/><\/a><p class=\"jig-HTMLdescription\">Mark Uhlenbruch Hochzeit Wedding Paar Fotografie-11<br\/><\/p><\/li><li><a href=\"https:\/\/uhlenbru.ch\/\/wp-content\/gallery\/hochzeit\/Mark-Uhlenbruch-Hochzeit-Wedding-Paar-Fotografie-12.jpg\"><img loading=\"lazy\" decoding=\"async\" src=\"https:\/\/uhlenbru.ch\/wp-content\/plugins\/justified-image-grid\/timthumb.php?src=https%3A%2F%2Fuhlenbru.ch%2Fwp-content%2Fgallery%2Fhochzeit%2FMark-Uhlenbruch-Hochzeit-Wedding-Paar-Fotografie-12.jpg&amp;h=175&amp;q=90&amp;f=.jpg\" alt=\"Mark Uhlenbruch Hochzeit Wedding Paar Fotografie-12\" width=\"118\" height=\"175\" \/><\/a><p class=\"jig-HTMLdescription\">Mark Uhlenbruch Hochzeit Wedding Paar Fotografie-12<br\/><\/p><\/li><li><a href=\"https:\/\/uhlenbru.ch\/\/wp-content\/gallery\/hochzeit\/Mark-Uhlenbruch-Hochzeit-Wedding-Paar-Fotografie-10.jpg\"><img loading=\"lazy\" decoding=\"async\" src=\"https:\/\/uhlenbru.ch\/wp-content\/plugins\/justified-image-grid\/timthumb.php?src=https%3A%2F%2Fuhlenbru.ch%2Fwp-content%2Fgallery%2Fhochzeit%2FMark-Uhlenbruch-Hochzeit-Wedding-Paar-Fotografie-10.jpg&amp;h=175&amp;q=90&amp;f=.jpg\" alt=\"Mark Uhlenbruch Hochzeit Wedding Paar Fotografie-10\" width=\"264\" height=\"175\" \/><\/a><p class=\"jig-HTMLdescription\">Mark Uhlenbruch Hochzeit Wedding Paar Fotografie-10<br\/><\/p><\/li><li><a href=\"https:\/\/uhlenbru.ch\/\/wp-content\/gallery\/hochzeit\/Mark-Uhlenbruch-Hochzeit-Wedding-Paar-Fotografie-9.jpg\"><img loading=\"lazy\" decoding=\"async\" src=\"https:\/\/uhlenbru.ch\/wp-content\/plugins\/justified-image-grid\/timthumb.php?src=https%3A%2F%2Fuhlenbru.ch%2Fwp-content%2Fgallery%2Fhochzeit%2FMark-Uhlenbruch-Hochzeit-Wedding-Paar-Fotografie-9.jpg&amp;h=175&amp;q=90&amp;f=.jpg\" alt=\"Mark Uhlenbruch Hochzeit Wedding Paar Fotografie-9\" width=\"385\" height=\"175\" \/><\/a><p class=\"jig-HTMLdescription\">Mark Uhlenbruch Hochzeit Wedding Paar Fotografie-9<br\/><\/p><\/li><li><a href=\"https:\/\/uhlenbru.ch\/\/wp-content\/gallery\/hochzeit\/Mark-Uhlenbruch-Hochzeit-Wedding-Paar-Fotografie-8.jpg\"><img loading=\"lazy\" decoding=\"async\" src=\"https:\/\/uhlenbru.ch\/wp-content\/plugins\/justified-image-grid\/timthumb.php?src=https%3A%2F%2Fuhlenbru.ch%2Fwp-content%2Fgallery%2Fhochzeit%2FMark-Uhlenbruch-Hochzeit-Wedding-Paar-Fotografie-8.jpg&amp;h=175&amp;q=90&amp;f=.jpg\" alt=\"Mark Uhlenbruch Hochzeit Wedding Paar Fotografie-8\" width=\"272\" height=\"175\" \/><\/a><p class=\"jig-HTMLdescription\">Mark Uhlenbruch Hochzeit Wedding Paar Fotografie-8<br\/><\/p><\/li><li><a href=\"https:\/\/uhlenbru.ch\/\/wp-content\/gallery\/hochzeit\/Mark-Uhlenbruch-Hochzeit-Wedding-Paar-Fotografie-5.jpg\"><img loading=\"lazy\" decoding=\"async\" src=\"https:\/\/uhlenbru.ch\/wp-content\/plugins\/justified-image-grid\/timthumb.php?src=https%3A%2F%2Fuhlenbru.ch%2Fwp-content%2Fgallery%2Fhochzeit%2FMark-Uhlenbruch-Hochzeit-Wedding-Paar-Fotografie-5.jpg&amp;h=175&amp;q=90&amp;f=.jpg\" alt=\"Mark Uhlenbruch Hochzeit Wedding Paar Fotografie-5\" width=\"257\" height=\"175\" \/><\/a><p class=\"jig-HTMLdescription\">Mark Uhlenbruch Hochzeit Wedding Paar Fotografie-5<br\/><\/p><\/li><li><a href=\"https:\/\/uhlenbru.ch\/\/wp-content\/gallery\/hochzeit\/Mark-Uhlenbruch-Hochzeit-Wedding-Paar-Fotografie-7.jpg\"><img loading=\"lazy\" decoding=\"async\" src=\"https:\/\/uhlenbru.ch\/wp-content\/plugins\/justified-image-grid\/timthumb.php?src=https%3A%2F%2Fuhlenbru.ch%2Fwp-content%2Fgallery%2Fhochzeit%2FMark-Uhlenbruch-Hochzeit-Wedding-Paar-Fotografie-7.jpg&amp;h=175&amp;q=90&amp;f=.jpg\" alt=\"Mark Uhlenbruch Hochzeit Wedding Paar Fotografie-7\" width=\"262\" height=\"175\" \/><\/a><p class=\"jig-HTMLdescription\">Mark Uhlenbruch Hochzeit Wedding Paar Fotografie-7<br\/><\/p><\/li><li><a href=\"https:\/\/uhlenbru.ch\/\/wp-content\/gallery\/hochzeit\/Mark-Uhlenbruch-Hochzeit-Wedding-Paar-Fotografie-6.jpg\"><img loading=\"lazy\" decoding=\"async\" src=\"https:\/\/uhlenbru.ch\/wp-content\/plugins\/justified-image-grid\/timthumb.php?src=https%3A%2F%2Fuhlenbru.ch%2Fwp-content%2Fgallery%2Fhochzeit%2FMark-Uhlenbruch-Hochzeit-Wedding-Paar-Fotografie-6.jpg&amp;h=175&amp;q=90&amp;f=.jpg\" alt=\"Mark Uhlenbruch Hochzeit Wedding Paar Fotografie-6\" width=\"115\" height=\"175\" \/><\/a><p class=\"jig-HTMLdescription\">Mark Uhlenbruch Hochzeit Wedding Paar Fotografie-6<br\/><\/p><\/li><li><a href=\"https:\/\/uhlenbru.ch\/\/wp-content\/gallery\/hochzeit\/Mark-Uhlenbruch-Hochzeit-Wedding-Paar-Fotografie-3.jpg\"><img loading=\"lazy\" decoding=\"async\" src=\"https:\/\/uhlenbru.ch\/wp-content\/plugins\/justified-image-grid\/timthumb.php?src=https%3A%2F%2Fuhlenbru.ch%2Fwp-content%2Fgallery%2Fhochzeit%2FMark-Uhlenbruch-Hochzeit-Wedding-Paar-Fotografie-3.jpg&amp;h=175&amp;q=90&amp;f=.jpg\" alt=\"Mark Uhlenbruch Hochzeit Wedding Paar Fotografie-3\" width=\"257\" height=\"175\" \/><\/a><p class=\"jig-HTMLdescription\">Mark Uhlenbruch Hochzeit Wedding Paar Fotografie-3<br\/><\/p><\/li><li><a href=\"https:\/\/uhlenbru.ch\/\/wp-content\/gallery\/hochzeit\/Mark-Uhlenbruch-Hochzeit-Wedding-Paar-Fotografie-2.jpg\"><img loading=\"lazy\" decoding=\"async\" src=\"https:\/\/uhlenbru.ch\/wp-content\/plugins\/justified-image-grid\/timthumb.php?src=https%3A%2F%2Fuhlenbru.ch%2Fwp-content%2Fgallery%2Fhochzeit%2FMark-Uhlenbruch-Hochzeit-Wedding-Paar-Fotografie-2.jpg&amp;h=175&amp;q=90&amp;f=.jpg\" alt=\"Mark Uhlenbruch Hochzeit Wedding Paar Fotografie-2\" width=\"119\" height=\"175\" \/><\/a><p class=\"jig-HTMLdescription\">Mark Uhlenbruch Hochzeit Wedding Paar Fotografie-2<br\/><\/p><\/li><li><a href=\"https:\/\/uhlenbru.ch\/\/wp-content\/gallery\/hochzeit\/Mark-Uhlenbruch-Hochzeit-Wedding-Paar-Fotografie-4.jpg\"><img loading=\"lazy\" decoding=\"async\" src=\"https:\/\/uhlenbru.ch\/wp-content\/plugins\/justified-image-grid\/timthumb.php?src=https%3A%2F%2Fuhlenbru.ch%2Fwp-content%2Fgallery%2Fhochzeit%2FMark-Uhlenbruch-Hochzeit-Wedding-Paar-Fotografie-4.jpg&amp;h=175&amp;q=90&amp;f=.jpg\" alt=\"Mark Uhlenbruch Hochzeit Wedding Paar Fotografie-4\" width=\"122\" height=\"175\" \/><\/a><p class=\"jig-HTMLdescription\">Mark Uhlenbruch Hochzeit Wedding Paar Fotografie-4<br\/><\/p><\/li><li><a href=\"https:\/\/uhlenbru.ch\/\/wp-content\/gallery\/hochzeit\/Mark-Uhlenbruch-Hochzeit-Wedding-Paar-Fotografie.jpg\"><img loading=\"lazy\" decoding=\"async\" src=\"https:\/\/uhlenbru.ch\/wp-content\/plugins\/justified-image-grid\/timthumb.php?src=https%3A%2F%2Fuhlenbru.ch%2Fwp-content%2Fgallery%2Fhochzeit%2FMark-Uhlenbruch-Hochzeit-Wedding-Paar-Fotografie.jpg&amp;h=175&amp;q=90&amp;f=.jpg\" alt=\"Mark Uhlenbruch Hochzeit Wedding Paar Fotografie\" width=\"121\" height=\"175\" \/><\/a><p class=\"jig-HTMLdescription\">Mark Uhlenbruch Hochzeit Wedding Paar Fotografie<br\/><\/p><\/li><li><a href=\"https:\/\/uhlenbru.ch\/\/wp-content\/gallery\/hochzeit\/Mark-Uhlenbruch-Hochzeit-Wedding-Paar-Fotografie-0005.jpg\"><img loading=\"lazy\" decoding=\"async\" src=\"https:\/\/uhlenbru.ch\/wp-content\/plugins\/justified-image-grid\/timthumb.php?src=https%3A%2F%2Fuhlenbru.ch%2Fwp-content%2Fgallery%2Fhochzeit%2FMark-Uhlenbruch-Hochzeit-Wedding-Paar-Fotografie-0005.jpg&amp;h=175&amp;q=90&amp;f=.jpg\" alt=\"Mark Uhlenbruch Hochzeit Wedding Paar Fotografie-0005\" width=\"117\" height=\"175\" \/><\/a><p class=\"jig-HTMLdescription\">Mark Uhlenbruch Hochzeit Wedding Paar Fotografie-0005<br\/><\/p><\/li><li><a href=\"https:\/\/uhlenbru.ch\/\/wp-content\/gallery\/hochzeit\/Mark-Uhlenbruch-Hochzeit-Wedding-Paar-Fotografie-0006.jpg\"><img loading=\"lazy\" decoding=\"async\" src=\"https:\/\/uhlenbru.ch\/wp-content\/plugins\/justified-image-grid\/timthumb.php?src=https%3A%2F%2Fuhlenbru.ch%2Fwp-content%2Fgallery%2Fhochzeit%2FMark-Uhlenbruch-Hochzeit-Wedding-Paar-Fotografie-0006.jpg&amp;h=175&amp;q=90&amp;f=.jpg\" alt=\"Mark Uhlenbruch Hochzeit Wedding Paar Fotografie-0006\" width=\"117\" height=\"175\" \/><\/a><p class=\"jig-HTMLdescription\">Mark Uhlenbruch Hochzeit Wedding Paar Fotografie-0006<br\/><\/p><\/li><li><a href=\"https:\/\/uhlenbru.ch\/\/wp-content\/gallery\/hochzeit\/Mark-Uhlenbruch-Hochzeit-Wedding-Paar-Fotografie-0007.jpg\"><img loading=\"lazy\" decoding=\"async\" src=\"https:\/\/uhlenbru.ch\/wp-content\/plugins\/justified-image-grid\/timthumb.php?src=https%3A%2F%2Fuhlenbru.ch%2Fwp-content%2Fgallery%2Fhochzeit%2FMark-Uhlenbruch-Hochzeit-Wedding-Paar-Fotografie-0007.jpg&amp;h=175&amp;q=90&amp;f=.jpg\" alt=\"Mark Uhlenbruch Hochzeit Wedding Paar Fotografie-0007\" width=\"353\" height=\"175\" \/><\/a><p class=\"jig-HTMLdescription\">Mark Uhlenbruch Hochzeit Wedding Paar Fotografie-0007<br\/><\/p><\/li><li><a href=\"https:\/\/uhlenbru.ch\/\/wp-content\/gallery\/hochzeit\/Mark-Uhlenbruch-Hochzeit-Wedding-Paar-Fotografie-0008.jpg\"><img loading=\"lazy\" decoding=\"async\" src=\"https:\/\/uhlenbru.ch\/wp-content\/plugins\/justified-image-grid\/timthumb.php?src=https%3A%2F%2Fuhlenbru.ch%2Fwp-content%2Fgallery%2Fhochzeit%2FMark-Uhlenbruch-Hochzeit-Wedding-Paar-Fotografie-0008.jpg&amp;h=175&amp;q=90&amp;f=.jpg\" alt=\"Mark Uhlenbruch Hochzeit Wedding Paar Fotografie-0008\" width=\"118\" height=\"175\" \/><\/a><p class=\"jig-HTMLdescription\">Mark Uhlenbruch Hochzeit Wedding Paar Fotografie-0008<br\/><\/p><\/li><li><a href=\"https:\/\/uhlenbru.ch\/\/wp-content\/gallery\/hochzeit\/Mark-Uhlenbruch-Hochzeit-Wedding-Paar-Fotografie-0009.jpg\"><img loading=\"lazy\" decoding=\"async\" src=\"https:\/\/uhlenbru.ch\/wp-content\/plugins\/justified-image-grid\/timthumb.php?src=https%3A%2F%2Fuhlenbru.ch%2Fwp-content%2Fgallery%2Fhochzeit%2FMark-Uhlenbruch-Hochzeit-Wedding-Paar-Fotografie-0009.jpg&amp;h=175&amp;q=90&amp;f=.jpg\" alt=\"Mark Uhlenbruch Hochzeit Wedding Paar Fotografie-0009\" width=\"261\" height=\"175\" \/><\/a><p class=\"jig-HTMLdescription\">Mark Uhlenbruch Hochzeit Wedding Paar Fotografie-0009<br\/><\/p><\/li><li><a href=\"https:\/\/uhlenbru.ch\/\/wp-content\/gallery\/hochzeit\/Mark-Uhlenbruch-Hochzeit-Wedding-Paar-Fotografie-00010.jpg\"><img loading=\"lazy\" decoding=\"async\" src=\"https:\/\/uhlenbru.ch\/wp-content\/plugins\/justified-image-grid\/timthumb.php?src=https%3A%2F%2Fuhlenbru.ch%2Fwp-content%2Fgallery%2Fhochzeit%2FMark-Uhlenbruch-Hochzeit-Wedding-Paar-Fotografie-00010.jpg&amp;h=175&amp;q=90&amp;f=.jpg\" alt=\"Mark Uhlenbruch Hochzeit Wedding Paar Fotografie-00010\" width=\"118\" height=\"175\" \/><\/a><p class=\"jig-HTMLdescription\">Mark Uhlenbruch Hochzeit Wedding Paar Fotografie-00010<br\/><\/p><\/li><li><a href=\"https:\/\/uhlenbru.ch\/\/wp-content\/gallery\/hochzeit\/Mark-Uhlenbruch-Hochzeit-Wedding-Paar-Fotografie-00012.jpg\"><img loading=\"lazy\" decoding=\"async\" src=\"https:\/\/uhlenbru.ch\/wp-content\/plugins\/justified-image-grid\/timthumb.php?src=https%3A%2F%2Fuhlenbru.ch%2Fwp-content%2Fgallery%2Fhochzeit%2FMark-Uhlenbruch-Hochzeit-Wedding-Paar-Fotografie-00012.jpg&amp;h=175&amp;q=90&amp;f=.jpg\" alt=\"Mark Uhlenbruch Hochzeit Wedding Paar Fotografie-00012\" width=\"259\" height=\"175\" \/><\/a><p class=\"jig-HTMLdescription\">Mark Uhlenbruch Hochzeit Wedding Paar Fotografie-00012<br\/><\/p><\/li><li><a href=\"https:\/\/uhlenbru.ch\/\/wp-content\/gallery\/hochzeit\/Mark-Uhlenbruch-Hochzeit-Wedding-Paar-Fotografie-00011.jpg\"><img loading=\"lazy\" decoding=\"async\" src=\"https:\/\/uhlenbru.ch\/wp-content\/plugins\/justified-image-grid\/timthumb.php?src=https%3A%2F%2Fuhlenbru.ch%2Fwp-content%2Fgallery%2Fhochzeit%2FMark-Uhlenbruch-Hochzeit-Wedding-Paar-Fotografie-00011.jpg&amp;h=175&amp;q=90&amp;f=.jpg\" alt=\"Mark Uhlenbruch Hochzeit Wedding Paar Fotografie-00011\" width=\"260\" height=\"175\" \/><\/a><p class=\"jig-HTMLdescription\">Mark Uhlenbruch Hochzeit Wedding Paar Fotografie-00011<br\/><\/p><\/li><li><a href=\"https:\/\/uhlenbru.ch\/\/wp-content\/gallery\/hochzeit\/JulianeBjoern16von99.jpg\" title=\"JulianeBjoern16von99\"><img loading=\"lazy\" decoding=\"async\" src=\"https:\/\/uhlenbru.ch\/wp-content\/plugins\/justified-image-grid\/timthumb.php?src=https%3A%2F%2Fuhlenbru.ch%2Fwp-content%2Fgallery%2Fhochzeit%2FJulianeBjoern16von99.jpg&amp;h=175&amp;q=90&amp;f=.jpg\" alt=\"JulianeBjoern16von99\" width=\"116\" height=\"175\" \/><\/a><p class=\"jig-HTMLdescription\">JulianeBjoern16von99<\/p><\/li><li><a href=\"https:\/\/uhlenbru.ch\/\/wp-content\/gallery\/hochzeit\/JulianeBjoern142von87.jpg\" title=\"JulianeBjoern142von87\"><img loading=\"lazy\" decoding=\"async\" src=\"https:\/\/uhlenbru.ch\/wp-content\/plugins\/justified-image-grid\/timthumb.php?src=https%3A%2F%2Fuhlenbru.ch%2Fwp-content%2Fgallery%2Fhochzeit%2FJulianeBjoern142von87.jpg&amp;h=175&amp;q=90&amp;f=.jpg\" alt=\"JulianeBjoern142von87\" width=\"116\" height=\"175\" \/><\/a><p class=\"jig-HTMLdescription\">JulianeBjoern142von87<\/p><\/li><li><a href=\"https:\/\/uhlenbru.ch\/\/wp-content\/gallery\/hochzeit\/wedding_sep2018_ddorf-6.jpg\"><img loading=\"lazy\" decoding=\"async\" src=\"https:\/\/uhlenbru.ch\/wp-content\/plugins\/justified-image-grid\/timthumb.php?src=https%3A%2F%2Fuhlenbru.ch%2Fwp-content%2Fgallery%2Fhochzeit%2Fwedding_sep2018_ddorf-6.jpg&amp;h=175&amp;q=90&amp;f=.jpg\" alt=\"wedding_sep2018_ddorf-6\" width=\"262\" height=\"175\" \/><\/a><p class=\"jig-HTMLdescription\">wedding_sep2018_ddorf-6<br\/><\/p><\/li><li><a href=\"https:\/\/uhlenbru.ch\/\/wp-content\/gallery\/hochzeit\/JulianeBjoern156von87.jpg\" title=\"JulianeBjoern156von87\"><img loading=\"lazy\" decoding=\"async\" src=\"https:\/\/uhlenbru.ch\/wp-content\/plugins\/justified-image-grid\/timthumb.php?src=https%3A%2F%2Fuhlenbru.ch%2Fwp-content%2Fgallery%2Fhochzeit%2FJulianeBjoern156von87.jpg&amp;h=175&amp;q=90&amp;f=.jpg\" alt=\"JulianeBjoern156von87\" width=\"262\" height=\"175\" \/><\/a><p class=\"jig-HTMLdescription\">JulianeBjoern156von87<\/p><\/li><li><a href=\"https:\/\/uhlenbru.ch\/\/wp-content\/gallery\/hochzeit\/JudyMicha-307_BW.jpg\"><img loading=\"lazy\" decoding=\"async\" src=\"https:\/\/uhlenbru.ch\/wp-content\/plugins\/justified-image-grid\/timthumb.php?src=https%3A%2F%2Fuhlenbru.ch%2Fwp-content%2Fgallery%2Fhochzeit%2FJudyMicha-307_BW.jpg&amp;h=175&amp;q=90&amp;f=.jpg\" alt=\"JudyMicha-307_BW\" width=\"116\" height=\"175\" \/><\/a><p class=\"jig-HTMLdescription\">JudyMicha-307_BW<br\/><\/p><\/li><li><a href=\"https:\/\/uhlenbru.ch\/\/wp-content\/gallery\/hochzeit\/ChristinaSascha-61.jpg\"><img loading=\"lazy\" decoding=\"async\" src=\"https:\/\/uhlenbru.ch\/wp-content\/plugins\/justified-image-grid\/timthumb.php?src=https%3A%2F%2Fuhlenbru.ch%2Fwp-content%2Fgallery%2Fhochzeit%2FChristinaSascha-61.jpg&amp;h=175&amp;q=90&amp;f=.jpg\" alt=\"ChristinaSascha-61\" width=\"262\" height=\"175\" \/><\/a><p class=\"jig-HTMLdescription\">ChristinaSascha-61<br\/><\/p><\/li><li><a href=\"https:\/\/uhlenbru.ch\/\/wp-content\/gallery\/hochzeit\/wedding_sep2018_ddorf-53.jpg\"><img loading=\"lazy\" decoding=\"async\" src=\"https:\/\/uhlenbru.ch\/wp-content\/plugins\/justified-image-grid\/timthumb.php?src=https%3A%2F%2Fuhlenbru.ch%2Fwp-content%2Fgallery%2Fhochzeit%2Fwedding_sep2018_ddorf-53.jpg&amp;h=175&amp;q=90&amp;f=.jpg\" alt=\"wedding_sep2018_ddorf-53\" width=\"262\" height=\"175\" \/><\/a><p class=\"jig-HTMLdescription\">wedding_sep2018_ddorf-53<br\/><\/p><\/li><li><a href=\"https:\/\/uhlenbru.ch\/\/wp-content\/gallery\/hochzeit\/JudyMicha-305.jpg\"><img loading=\"lazy\" decoding=\"async\" src=\"https:\/\/uhlenbru.ch\/wp-content\/plugins\/justified-image-grid\/timthumb.php?src=https%3A%2F%2Fuhlenbru.ch%2Fwp-content%2Fgallery%2Fhochzeit%2FJudyMicha-305.jpg&amp;h=175&amp;q=90&amp;f=.jpg\" alt=\"JudyMicha-305\" width=\"116\" height=\"175\" \/><\/a><p class=\"jig-HTMLdescription\">JudyMicha-305<br\/><\/p><\/li><li><a href=\"https:\/\/uhlenbru.ch\/\/wp-content\/gallery\/hochzeit\/JudyMicha-299.jpg\"><img loading=\"lazy\" decoding=\"async\" src=\"https:\/\/uhlenbru.ch\/wp-content\/plugins\/justified-image-grid\/timthumb.php?src=https%3A%2F%2Fuhlenbru.ch%2Fwp-content%2Fgallery%2Fhochzeit%2FJudyMicha-299.jpg&amp;h=175&amp;q=90&amp;f=.jpg\" alt=\"JudyMicha-299\" width=\"262\" height=\"175\" \/><\/a><p class=\"jig-HTMLdescription\">JudyMicha-299<br\/><\/p><\/li><li><a href=\"https:\/\/uhlenbru.ch\/\/wp-content\/gallery\/hochzeit\/JudyMicha-204.jpg\"><img loading=\"lazy\" decoding=\"async\" src=\"https:\/\/uhlenbru.ch\/wp-content\/plugins\/justified-image-grid\/timthumb.php?src=https%3A%2F%2Fuhlenbru.ch%2Fwp-content%2Fgallery%2Fhochzeit%2FJudyMicha-204.jpg&amp;h=175&amp;q=90&amp;f=.jpg\" alt=\"JudyMicha-204\" width=\"116\" height=\"175\" \/><\/a><p class=\"jig-HTMLdescription\">JudyMicha-204<br\/><\/p><\/li><li><a href=\"https:\/\/uhlenbru.ch\/\/wp-content\/gallery\/hochzeit\/YvonneMarco-104.jpg\"><img loading=\"lazy\" decoding=\"async\" src=\"https:\/\/uhlenbru.ch\/wp-content\/plugins\/justified-image-grid\/timthumb.php?src=https%3A%2F%2Fuhlenbru.ch%2Fwp-content%2Fgallery%2Fhochzeit%2FYvonneMarco-104.jpg&amp;h=175&amp;q=90&amp;f=.jpg\" alt=\"YvonneMarco-104\" width=\"262\" height=\"175\" \/><\/a><p class=\"jig-HTMLdescription\">YvonneMarco-104<br\/><\/p><\/li><li><a href=\"https:\/\/uhlenbru.ch\/\/wp-content\/gallery\/hochzeit\/YvonneMarco-110.jpg\"><img loading=\"lazy\" decoding=\"async\" src=\"https:\/\/uhlenbru.ch\/wp-content\/plugins\/justified-image-grid\/timthumb.php?src=https%3A%2F%2Fuhlenbru.ch%2Fwp-content%2Fgallery%2Fhochzeit%2FYvonneMarco-110.jpg&amp;h=175&amp;q=90&amp;f=.jpg\" alt=\"YvonneMarco-110\" width=\"116\" height=\"175\" \/><\/a><p class=\"jig-HTMLdescription\">YvonneMarco-110<br\/><\/p><\/li><li><a href=\"https:\/\/uhlenbru.ch\/\/wp-content\/gallery\/hochzeit\/YvonneMarco-49.jpg\"><img loading=\"lazy\" decoding=\"async\" src=\"https:\/\/uhlenbru.ch\/wp-content\/plugins\/justified-image-grid\/timthumb.php?src=https%3A%2F%2Fuhlenbru.ch%2Fwp-content%2Fgallery%2Fhochzeit%2FYvonneMarco-49.jpg&amp;h=175&amp;q=90&amp;f=.jpg\" alt=\"YvonneMarco-49\" width=\"116\" height=\"175\" \/><\/a><p class=\"jig-HTMLdescription\">YvonneMarco-49<br\/><\/p><\/li><li><a href=\"https:\/\/uhlenbru.ch\/\/wp-content\/gallery\/hochzeit\/YvonneMarco-8.jpg\"><img loading=\"lazy\" decoding=\"async\" src=\"https:\/\/uhlenbru.ch\/wp-content\/plugins\/justified-image-grid\/timthumb.php?src=https%3A%2F%2Fuhlenbru.ch%2Fwp-content%2Fgallery%2Fhochzeit%2FYvonneMarco-8.jpg&amp;h=175&amp;q=90&amp;f=.jpg\" alt=\"YvonneMarco-8\" width=\"116\" height=\"175\" \/><\/a><p class=\"jig-HTMLdescription\">YvonneMarco-8<br\/><\/p><\/li><\/ul><\/noscript><\/div>\n\n\n\n<p><\/p>\n","protected":false},"excerpt":{"rendered":"<p>Als Hochzeitsfotograf verfolge ich ein tiefgehendes Ziel, das \u00fcber das einfache Festhalten von Momenten hinausgeht. Meine Mission ist es, die einzigartige Sch\u00f6nheit und emotionale Tiefe jedes Hochzeitstages einzufangen, um unvergessliche Erinnerungen zu schaffen. Meine Arbeit geht weit \u00fcber das blo\u00dfe Fotografieren hinaus \u2013 sie ist eine kreative Reise, bei der ich die Liebe, die Verbundenheit [&hellip;]<\/p>\n","protected":false},"author":1,"featured_media":0,"parent":0,"menu_order":0,"comment_status":"closed","ping_status":"closed","template":"","meta":{"ngg_post_thumbnail":0,"footnotes":""},"_links":{"self":[{"href":"https:\/\/uhlenbru.ch\/index.php?rest_route=\/wp\/v2\/pages\/1407"}],"collection":[{"href":"https:\/\/uhlenbru.ch\/index.php?rest_route=\/wp\/v2\/pages"}],"about":[{"href":"https:\/\/uhlenbru.ch\/index.php?rest_route=\/wp\/v2\/types\/page"}],"author":[{"embeddable":true,"href":"https:\/\/uhlenbru.ch\/index.php?rest_route=\/wp\/v2\/users\/1"}],"replies":[{"embeddable":true,"href":"https:\/\/uhlenbru.ch\/index.php?rest_route=%2Fwp%2Fv2%2Fcomments&post=1407"}],"version-history":[{"count":23,"href":"https:\/\/uhlenbru.ch\/index.php?rest_route=\/wp\/v2\/pages\/1407\/revisions"}],"predecessor-version":[{"id":2174,"href":"https:\/\/uhlenbru.ch\/index.php?rest_route=\/wp\/v2\/pages\/1407\/revisions\/2174"}],"wp:attachment":[{"href":"https:\/\/uhlenbru.ch\/index.php?rest_route=%2Fwp%2Fv2%2Fmedia&parent=1407"}],"curies":[{"name":"wp","href":"https:\/\/api.w.org\/{rel}","templated":true}]}}