{"id":30,"date":"2015-02-16T13:16:58","date_gmt":"2015-02-16T12:16:58","guid":{"rendered":"http:\/\/uhlenbru.ch\/?page_id=30"},"modified":"2026-01-19T15:18:48","modified_gmt":"2026-01-19T14:18:48","slug":"get-in-touch","status":"publish","type":"page","link":"https:\/\/uhlenbru.ch\/?page_id=30","title":{"rendered":"Uhlenbru.ch Kontakt"},"content":{"rendered":"\n<p><\/p>\n\n\n\n<p>Wenn auch Sie eine Leidenschaft f\u00fcr au\u00dfergew\u00f6hnliche Fotografie teilen oder neugierig darauf sind, mehr dar\u00fcber zu erfahren, lade ich Sie herzlich dazu ein, mit mir in den Dialog zu treten. Egal, ob Sie Fragen zur Hochzeitsfotografie haben, sich f\u00fcr die Kunst der Fotografie interessieren oder selbst gerne fotografieren \u2013 ich stehe f\u00fcr einen inspirierenden Austausch zur Verf\u00fcgung.<\/p>\n\n\n\n<p>Schreiben Sie mir eine E-Mail an <strong>mark @ uhlenbru.ch<\/strong> , um Ihre Fragen zu stellen, Anregungen zu teilen oder um einfach Ihre Begeisterung f\u00fcr die Fotografie mit mir zu teilen. Ob Sie ein angehender Fotograf, ein Brautpaar auf der Suche nach dem perfekten Fotografen oder einfach nur jemand sind, der die Sch\u00f6nheit der Fotografie sch\u00e4tzt \u2013 ich freue mich darauf, von Ihnen zu h\u00f6ren.<\/p>\n\n\n\n<p>.<\/p>\n","protected":false},"excerpt":{"rendered":"<p>Wenn auch Sie eine Leidenschaft f\u00fcr au\u00dfergew\u00f6hnliche Fotografie teilen oder neugierig darauf sind, mehr dar\u00fcber zu erfahren, lade ich Sie herzlich dazu ein, mit mir in den Dialog zu treten. Egal, ob Sie Fragen zur Hochzeitsfotografie haben, sich f\u00fcr die Kunst der Fotografie interessieren oder selbst gerne fotografieren \u2013 ich stehe f\u00fcr einen inspirierenden Austausch [&hellip;]<\/p>\n","protected":false},"author":1,"featured_media":0,"parent":0,"menu_order":9,"comment_status":"closed","ping_status":"closed","template":"","meta":{"ngg_post_thumbnail":0,"footnotes":""},"_links":{"self":[{"href":"https:\/\/uhlenbru.ch\/index.php?rest_route=\/wp\/v2\/pages\/30"}],"collection":[{"href":"https:\/\/uhlenbru.ch\/index.php?rest_route=\/wp\/v2\/pages"}],"about":[{"href":"https:\/\/uhlenbru.ch\/index.php?rest_route=\/wp\/v2\/types\/page"}],"author":[{"embeddable":true,"href":"https:\/\/uhlenbru.ch\/index.php?rest_route=\/wp\/v2\/users\/1"}],"replies":[{"embeddable":true,"href":"https:\/\/uhlenbru.ch\/index.php?rest_route=%2Fwp%2Fv2%2Fcomments&post=30"}],"version-history":[{"count":23,"href":"https:\/\/uhlenbru.ch\/index.php?rest_route=\/wp\/v2\/pages\/30\/revisions"}],"predecessor-version":[{"id":2538,"href":"https:\/\/uhlenbru.ch\/index.php?rest_route=\/wp\/v2\/pages\/30\/revisions\/2538"}],"wp:attachment":[{"href":"https:\/\/uhlenbru.ch\/index.php?rest_route=%2Fwp%2Fv2%2Fmedia&parent=30"}],"curies":[{"name":"wp","href":"https:\/\/api.w.org\/{rel}","templated":true}]}}