{"id":356,"date":"2015-02-20T00:49:58","date_gmt":"2015-02-19T23:49:58","guid":{"rendered":"http:\/\/uhlenbru.ch\/?page_id=356"},"modified":"2024-01-11T02:06:54","modified_gmt":"2024-01-11T01:06:54","slug":"landscape","status":"publish","type":"page","link":"https:\/\/uhlenbru.ch\/?page_id=356","title":{"rendered":"Landscape"},"content":{"rendered":"\n<p>Die Landschaftsfotografie ist eine faszinierende Disziplin, die die majest\u00e4tische Sch\u00f6nheit der Natur in beeindruckenden Bildern einf\u00e4ngt. Mit einem Fokus auf weite Panoramen, markante Gel\u00e4ndeformen und atemberaubende Naturschauspiele erm\u00f6glicht es diese Art der Fotografie, die Pracht unserer Umwelt festzuhalten. Durch geschickte Komposition, Lichtsetzung und Perspektivwahl wird die Landschaftsfotografie zu einer k\u00fcnstlerischen Ausdrucksform, die die Betrachter in ferne Welten entf\u00fchrt oder die vertraute Umgebung in einem neuen Licht erscheinen l\u00e4sst. Die Wahl der richtigen Jahreszeit, Tageszeit und Wetterbedingungen spielt eine entscheidende Rolle, um die Stimmung und Atmosph\u00e4re eines Ortes einzufangen. Ob majest\u00e4tische Bergketten, spiegelglatte Seen, endlose W\u00e4lder oder dramatische K\u00fcstenlinien &#8211; Landschaftsfotografen haben die Aufgabe, die Sch\u00f6nheit und die Einzigartigkeit jeder Umgebung zu enth\u00fcllen. Die Landschaftsfotografie erfordert nicht nur technisches Geschick, sondern auch eine tiefe Wertsch\u00e4tzung f\u00fcr die Natur und deren vielf\u00e4ltige Erscheinungsformen. In der Verbindung von k\u00fcnstlerischem Ausdruck und der W\u00fcrdigung der Natur wird die Landschaftsfotografie zu einer beeindruckenden Kunstform, die die Betrachter dazu inspiriert, die Welt um sich herum mit neuen Augen zu sehen.<\/p>\n\n\n<div id=\"jig1\" class=\"justified-image-grid jig-a3baf8c784e091e5df9c046e1d268056 jig-preset-global\"><div class=\"jig-clearfix\"><\/div><noscript id=\"jig1-html\" class=\"justified-image-grid-html\" data-lazy-src=\"skiplazyload\" data-src=\"skipunveillazyload\"><ul><li><a href=\"https:\/\/uhlenbru.ch\/\/wp-content\/gallery\/landscape\/IMG_6646.jpg\" title=\"IMG_6646\"><img loading=\"lazy\" decoding=\"async\" src=\"https:\/\/uhlenbru.ch\/wp-content\/plugins\/justified-image-grid\/timthumb.php?src=https%3A%2F%2Fuhlenbru.ch%2Fwp-content%2Fgallery%2Flandscape%2FIMG_6646.jpg&amp;h=175&amp;q=90&amp;f=.jpg\" alt=\"IMG_6646\" width=\"114\" height=\"175\" \/><\/a><p class=\"jig-HTMLdescription\">IMG_6646<\/p><\/li><li><a href=\"https:\/\/uhlenbru.ch\/\/wp-content\/gallery\/landscape\/IMG_8637.jpg\" title=\"IMG_8637\"><img loading=\"lazy\" decoding=\"async\" src=\"https:\/\/uhlenbru.ch\/wp-content\/plugins\/justified-image-grid\/timthumb.php?src=https%3A%2F%2Fuhlenbru.ch%2Fwp-content%2Fgallery%2Flandscape%2FIMG_8637.jpg&amp;h=175&amp;q=90&amp;f=.jpg\" alt=\"IMG_8637\" width=\"334\" height=\"175\" \/><\/a><p class=\"jig-HTMLdescription\">IMG_8637<\/p><\/li><li><a href=\"https:\/\/uhlenbru.ch\/\/wp-content\/gallery\/landscape\/IncrediblesGaming_Beautiful_Canadian_winter_landscape_lakes_mou_f336017e-b18c-4010-831b-bb46b6663a84.jpg\"><img loading=\"lazy\" decoding=\"async\" src=\"https:\/\/uhlenbru.ch\/wp-content\/plugins\/justified-image-grid\/timthumb.php?src=https%3A%2F%2Fuhlenbru.ch%2Fwp-content%2Fgallery%2Flandscape%2FIncrediblesGaming_Beautiful_Canadian_winter_landscape_lakes_mou_f336017e-b18c-4010-831b-bb46b6663a84.jpg&amp;h=175&amp;q=90&amp;f=.jpg\" alt=\"IncrediblesGaming_Beautiful_Canadian_winter_landscape_lakes_mou_f336017e-b18c-4010-831b-bb46b6663a84\" width=\"262\" height=\"175\" \/><\/a><p class=\"jig-HTMLdescription\">IncrediblesGaming_Beautiful_Canadian_winter_landscape_lakes_mou_f336017e-b18c-4010-831b-bb46b6663a84<br\/><\/p><\/li><li><a href=\"https:\/\/uhlenbru.ch\/\/wp-content\/gallery\/landscape\/IMG_5446.JPG\" title=\"IMG_5446\"><img loading=\"lazy\" decoding=\"async\" src=\"https:\/\/uhlenbru.ch\/wp-content\/plugins\/justified-image-grid\/timthumb.php?src=https%3A%2F%2Fuhlenbru.ch%2Fwp-content%2Fgallery%2Flandscape%2FIMG_5446.JPG&amp;h=175&amp;q=90&amp;f=.JPG\" alt=\"IMG_5446\" width=\"280\" height=\"175\" \/><\/a><p class=\"jig-HTMLdescription\">IMG_5446<\/p><\/li><li><a href=\"https:\/\/uhlenbru.ch\/\/wp-content\/gallery\/landscape\/incrediblesgaming_serpentine_road_with_an_S_curve_in_the_forest_e0b1ed56-2747-43a7-b2e8-e0eb62470a7d.jpg\"><img loading=\"lazy\" decoding=\"async\" src=\"https:\/\/uhlenbru.ch\/wp-content\/plugins\/justified-image-grid\/timthumb.php?src=https%3A%2F%2Fuhlenbru.ch%2Fwp-content%2Fgallery%2Flandscape%2Fincrediblesgaming_serpentine_road_with_an_S_curve_in_the_forest_e0b1ed56-2747-43a7-b2e8-e0eb62470a7d.jpg&amp;h=175&amp;q=90&amp;f=.jpg\" alt=\"incrediblesgaming_serpentine_road_with_an_S_curve_in_the_forest_e0b1ed56-2747-43a7-b2e8-e0eb62470a7d\" width=\"312\" height=\"175\" \/><\/a><p class=\"jig-HTMLdescription\">incrediblesgaming_serpentine_road_with_an_S_curve_in_the_forest_e0b1ed56-2747-43a7-b2e8-e0eb62470a7d<br\/><\/p><\/li><li><a href=\"https:\/\/uhlenbru.ch\/\/wp-content\/gallery\/landscape\/etretat_004.jpg\" title=\"etretat_004\"><img loading=\"lazy\" decoding=\"async\" src=\"https:\/\/uhlenbru.ch\/wp-content\/plugins\/justified-image-grid\/timthumb.php?src=https%3A%2F%2Fuhlenbru.ch%2Fwp-content%2Fgallery%2Flandscape%2Fetretat_004.jpg&amp;h=175&amp;q=90&amp;f=.jpg\" alt=\"etretat_004\" width=\"311\" height=\"175\" \/><\/a><p class=\"jig-HTMLdescription\">etretat_004<\/p><\/li><li><a href=\"https:\/\/uhlenbru.ch\/\/wp-content\/gallery\/landscape\/etretat_003.jpg\" title=\"etretat_003\"><img loading=\"lazy\" decoding=\"async\" src=\"https:\/\/uhlenbru.ch\/wp-content\/plugins\/justified-image-grid\/timthumb.php?src=https%3A%2F%2Fuhlenbru.ch%2Fwp-content%2Fgallery%2Flandscape%2Fetretat_003.jpg&amp;h=175&amp;q=90&amp;f=.jpg\" alt=\"etretat_003\" width=\"311\" height=\"175\" \/><\/a><p class=\"jig-HTMLdescription\">etretat_003<\/p><\/li><li><a href=\"https:\/\/uhlenbru.ch\/\/wp-content\/gallery\/landscape\/mountain02.jpg\" title=\"mountain02\"><img loading=\"lazy\" decoding=\"async\" src=\"https:\/\/uhlenbru.ch\/wp-content\/plugins\/justified-image-grid\/timthumb.php?src=https%3A%2F%2Fuhlenbru.ch%2Fwp-content%2Fgallery%2Flandscape%2Fmountain02.jpg&amp;h=175&amp;q=90&amp;f=.jpg\" alt=\"mountain02\" width=\"311\" height=\"175\" \/><\/a><p class=\"jig-HTMLdescription\">mountain02<\/p><\/li><li><a href=\"https:\/\/uhlenbru.ch\/\/wp-content\/gallery\/landscape\/toskana-16-von-1-1.jpg\"><img loading=\"lazy\" decoding=\"async\" src=\"https:\/\/uhlenbru.ch\/wp-content\/plugins\/justified-image-grid\/timthumb.php?src=https%3A%2F%2Fuhlenbru.ch%2Fwp-content%2Fgallery%2Flandscape%2Ftoskana-16-von-1-1.jpg&amp;h=175&amp;q=90&amp;f=.jpg\" alt=\"Mark Uhlenbruch Fotografie Sonnenuntergang \u00fcber der Toskana\" width=\"681\" height=\"175\" \/><\/a><p class=\"jig-HTMLdescription\">Mark Uhlenbruch Fotografie Sonnenuntergang \u00fcber der Toskana<br\/><\/p><\/li><li><a href=\"https:\/\/uhlenbru.ch\/\/wp-content\/gallery\/landscape\/IMG_8636.jpg\" title=\"IMG_8636\"><img loading=\"lazy\" decoding=\"async\" src=\"https:\/\/uhlenbru.ch\/wp-content\/plugins\/justified-image-grid\/timthumb.php?src=https%3A%2F%2Fuhlenbru.ch%2Fwp-content%2Fgallery%2Flandscape%2FIMG_8636.jpg&amp;h=175&amp;q=90&amp;f=.jpg\" alt=\"IMG_8636\" width=\"295\" height=\"175\" \/><\/a><p class=\"jig-HTMLdescription\">IMG_8636<\/p><\/li><li><a href=\"https:\/\/uhlenbru.ch\/\/wp-content\/gallery\/landscape\/toskana-1-von-1.jpg\"><img loading=\"lazy\" decoding=\"async\" src=\"https:\/\/uhlenbru.ch\/wp-content\/plugins\/justified-image-grid\/timthumb.php?src=https%3A%2F%2Fuhlenbru.ch%2Fwp-content%2Fgallery%2Flandscape%2Ftoskana-1-von-1.jpg&amp;h=175&amp;q=90&amp;f=.jpg\" alt=\"Mark Uhlenbruch Fotografie - Die Toskana\" width=\"776\" height=\"175\" \/><\/a><p class=\"jig-HTMLdescription\">Mark Uhlenbruch Fotografie - Die Toskana<br\/><\/p><\/li><li><a href=\"https:\/\/uhlenbru.ch\/\/wp-content\/gallery\/landscape\/toskana-9-von-1.jpg\"><img loading=\"lazy\" decoding=\"async\" src=\"https:\/\/uhlenbru.ch\/wp-content\/plugins\/justified-image-grid\/timthumb.php?src=https%3A%2F%2Fuhlenbru.ch%2Fwp-content%2Fgallery%2Flandscape%2Ftoskana-9-von-1.jpg&amp;h=175&amp;q=90&amp;f=.jpg\" alt=\"Mark Uhlenbruch Fotografie Belle Italia Toskana\" width=\"365\" height=\"175\" \/><\/a><p class=\"jig-HTMLdescription\">Mark Uhlenbruch Fotografie Belle Italia Toskana<br\/><\/p><\/li><li><a href=\"https:\/\/uhlenbru.ch\/\/wp-content\/gallery\/landscape\/Ponte-Vecchio-15-von-1.jpg\"><img loading=\"lazy\" decoding=\"async\" src=\"https:\/\/uhlenbru.ch\/wp-content\/plugins\/justified-image-grid\/timthumb.php?src=https%3A%2F%2Fuhlenbru.ch%2Fwp-content%2Fgallery%2Flandscape%2FPonte-Vecchio-15-von-1.jpg&amp;h=175&amp;q=90&amp;f=.jpg\" alt=\"Mark Uhlenbruch Fotografie Italian Ponte-Vecchio\" width=\"280\" height=\"175\" \/><\/a><p class=\"jig-HTMLdescription\">Mark Uhlenbruch Fotografie Italian Ponte-Vecchio<br\/><\/p><\/li><li><a href=\"https:\/\/uhlenbru.ch\/\/wp-content\/gallery\/landscape\/grad-37-von-1.jpg\"><img loading=\"lazy\" decoding=\"async\" src=\"https:\/\/uhlenbru.ch\/wp-content\/plugins\/justified-image-grid\/timthumb.php?src=https%3A%2F%2Fuhlenbru.ch%2Fwp-content%2Fgallery%2Flandscape%2Fgrad-37-von-1.jpg&amp;h=175&amp;q=90&amp;f=.jpg\" alt=\"Mark Uhlenbruch Fotografie - Kirche in der Toskana\" width=\"299\" height=\"175\" \/><\/a><p class=\"jig-HTMLdescription\">Mark Uhlenbruch Fotografie - Kirche in der Toskana<br\/><\/p><\/li><li><a href=\"https:\/\/uhlenbru.ch\/\/wp-content\/gallery\/landscape\/grad-38-von-1.jpg\"><img loading=\"lazy\" decoding=\"async\" src=\"https:\/\/uhlenbru.ch\/wp-content\/plugins\/justified-image-grid\/timthumb.php?src=https%3A%2F%2Fuhlenbru.ch%2Fwp-content%2Fgallery%2Flandscape%2Fgrad-38-von-1.jpg&amp;h=175&amp;q=90&amp;f=.jpg\" alt=\"Mark Uhlenbruch Fotografie\" width=\"306\" height=\"175\" \/><\/a><p class=\"jig-HTMLdescription\">Mark Uhlenbruch Fotografie<br\/><\/p><\/li><li><a href=\"https:\/\/uhlenbru.ch\/\/wp-content\/gallery\/landscape\/Manarola-3.jpg\"><img loading=\"lazy\" decoding=\"async\" src=\"https:\/\/uhlenbru.ch\/wp-content\/plugins\/justified-image-grid\/timthumb.php?src=https%3A%2F%2Fuhlenbru.ch%2Fwp-content%2Fgallery%2Flandscape%2FManarola-3.jpg&amp;h=175&amp;q=90&amp;f=.jpg\" alt=\"Mark Uhlenbruch Fotografie Black&amp;Wihite Italian Mandorla\" width=\"262\" height=\"175\" \/><\/a><p class=\"jig-HTMLdescription\">Mark Uhlenbruch Fotografie Black&Wihite Italian Mandorla<br\/><\/p><\/li><li><a href=\"https:\/\/uhlenbru.ch\/\/wp-content\/gallery\/landscape\/Etretat1-3.jpg\"><img loading=\"lazy\" decoding=\"async\" src=\"https:\/\/uhlenbru.ch\/wp-content\/plugins\/justified-image-grid\/timthumb.php?src=https%3A%2F%2Fuhlenbru.ch%2Fwp-content%2Fgallery%2Flandscape%2FEtretat1-3.jpg&amp;h=175&amp;q=90&amp;f=.jpg\" alt=\"Mark Uhlenbruch Fotografie Etretat Frankreich\" width=\"116\" height=\"175\" \/><\/a><p class=\"jig-HTMLdescription\">Mark Uhlenbruch Fotografie Etretat Frankreich<br\/><\/p><\/li><li><a href=\"https:\/\/uhlenbru.ch\/\/wp-content\/gallery\/landscape\/073E0853-5A2A-415A-B2D0-B28CF2BD21C2.jpeg\"><img loading=\"lazy\" decoding=\"async\" src=\"https:\/\/uhlenbru.ch\/wp-content\/plugins\/justified-image-grid\/timthumb.php?src=https%3A%2F%2Fuhlenbru.ch%2Fwp-content%2Fgallery%2Flandscape%2F073E0853-5A2A-415A-B2D0-B28CF2BD21C2.jpeg&amp;h=175&amp;q=90&amp;f=.jpeg\" alt=\"Mark Uhlenbruch Fotografie Wetter Kiefer S\u00e4chsische Schweiz\" width=\"327\" height=\"175\" \/><\/a><p class=\"jig-HTMLdescription\">Mark Uhlenbruch Fotografie Wetter Kiefer S\u00e4chsische Schweiz<br\/><\/p><\/li><li><a href=\"https:\/\/uhlenbru.ch\/\/wp-content\/gallery\/landscape\/3D1D3BE3-EBFF-4DFC-BD85-F112AFC3A2C2.jpeg\"><img loading=\"lazy\" decoding=\"async\" src=\"https:\/\/uhlenbru.ch\/wp-content\/plugins\/justified-image-grid\/timthumb.php?src=https%3A%2F%2Fuhlenbru.ch%2Fwp-content%2Fgallery%2Flandscape%2F3D1D3BE3-EBFF-4DFC-BD85-F112AFC3A2C2.jpeg&amp;h=175&amp;q=90&amp;f=.jpeg\" alt=\"Mark Uhlenbruch Fotografie Idagrotte Nationalpark S\u00e4chsischs Schweiz\" width=\"94\" height=\"175\" \/><\/a><p class=\"jig-HTMLdescription\">Mark Uhlenbruch Fotografie Idagrotte Nationalpark S\u00e4chsischs Schweiz<br\/><\/p><\/li><li><a href=\"https:\/\/uhlenbru.ch\/\/wp-content\/gallery\/landscape\/Mark-Uhlenbruch-Fotografie-S\u00e4chsiche-Schweiz-Sonnenaufgang.jpg\"><img loading=\"lazy\" decoding=\"async\" src=\"https:\/\/uhlenbru.ch\/wp-content\/plugins\/justified-image-grid\/timthumb.php?src=https%3A%2F%2Fuhlenbru.ch%2Fwp-content%2Fgallery%2Flandscape%2FMark-Uhlenbruch-Fotografie-S%C3%A4chsiche-Schweiz-Sonnenaufgang.jpg&amp;h=175&amp;q=90&amp;f=.jpg\" alt=\"Mark Uhlenbruch Fotografie S\u00e4chsiche Schweiz Sonnenaufgang\" width=\"623\" height=\"175\" \/><\/a><p class=\"jig-HTMLdescription\">Mark Uhlenbruch Fotografie S\u00e4chsiche Schweiz Sonnenaufgang<br\/><\/p><\/li><li><a href=\"https:\/\/uhlenbru.ch\/\/wp-content\/gallery\/landscape\/bridge-24-von-1.jpg\"><img loading=\"lazy\" decoding=\"async\" src=\"https:\/\/uhlenbru.ch\/wp-content\/plugins\/justified-image-grid\/timthumb.php?src=https%3A%2F%2Fuhlenbru.ch%2Fwp-content%2Fgallery%2Flandscape%2Fbridge-24-von-1.jpg&amp;h=175&amp;q=90&amp;f=.jpg\" alt=\"Mark Uhlenbruch Fotografie &quot;Silence&quot; Somewhere in Sweden\" width=\"262\" height=\"175\" \/><\/a><p class=\"jig-HTMLdescription\">Mark Uhlenbruch Fotografie \"Silence\" Somewhere in Sweden<br\/><\/p><\/li><li><a href=\"https:\/\/uhlenbru.ch\/\/wp-content\/gallery\/landscape\/bridge-19-von-1.jpg\"><img loading=\"lazy\" decoding=\"async\" src=\"https:\/\/uhlenbru.ch\/wp-content\/plugins\/justified-image-grid\/timthumb.php?src=https%3A%2F%2Fuhlenbru.ch%2Fwp-content%2Fgallery%2Flandscape%2Fbridge-19-von-1.jpg&amp;h=175&amp;q=90&amp;f=.jpg\" alt=\"Mark Uhlenbruch Fotografie &quot;The Bridge to nowehre&quot;\" width=\"262\" height=\"175\" \/><\/a><p class=\"jig-HTMLdescription\">Mark Uhlenbruch Fotografie \"The Bridge to nowehre\"<br\/><\/p><\/li><li><a href=\"https:\/\/uhlenbru.ch\/\/wp-content\/gallery\/landscape\/entretata-90-von-1.jpg\"><img loading=\"lazy\" decoding=\"async\" src=\"https:\/\/uhlenbru.ch\/wp-content\/plugins\/justified-image-grid\/timthumb.php?src=https%3A%2F%2Fuhlenbru.ch%2Fwp-content%2Fgallery%2Flandscape%2Fentretata-90-von-1.jpg&amp;h=175&amp;q=90&amp;f=.jpg\" alt=\"Mark Uhlenbruch Fotografie Frankreichs K\u00fcste Etretat\" width=\"265\" height=\"175\" \/><\/a><p class=\"jig-HTMLdescription\">Mark Uhlenbruch Fotografie Frankreichs K\u00fcste Etretat<br\/><\/p><\/li><li><a href=\"https:\/\/uhlenbru.ch\/\/wp-content\/gallery\/landscape\/entretat-83-von-1.jpg\"><img loading=\"lazy\" decoding=\"async\" src=\"https:\/\/uhlenbru.ch\/wp-content\/plugins\/justified-image-grid\/timthumb.php?src=https%3A%2F%2Fuhlenbru.ch%2Fwp-content%2Fgallery%2Flandscape%2Fentretat-83-von-1.jpg&amp;h=175&amp;q=90&amp;f=.jpg\" alt=\"Mark Uhlenbruch Fotografie Abendstimmung Frankreich Etretat\" width=\"258\" height=\"175\" \/><\/a><p class=\"jig-HTMLdescription\">Mark Uhlenbruch Fotografie Abendstimmung Frankreich Etretat<br\/><\/p><\/li><li><a href=\"https:\/\/uhlenbru.ch\/\/wp-content\/gallery\/landscape\/entretat-82-von-1.jpg\"><img loading=\"lazy\" decoding=\"async\" src=\"https:\/\/uhlenbru.ch\/wp-content\/plugins\/justified-image-grid\/timthumb.php?src=https%3A%2F%2Fuhlenbru.ch%2Fwp-content%2Fgallery%2Flandscape%2Fentretat-82-von-1.jpg&amp;h=175&amp;q=90&amp;f=.jpg\" alt=\"Mark Uhlenbruch Fotografie Black&amp;White Frankreich\" width=\"325\" height=\"175\" \/><\/a><p class=\"jig-HTMLdescription\">Mark Uhlenbruch Fotografie Black&White Frankreich<br\/><\/p><\/li><li><a href=\"https:\/\/uhlenbru.ch\/\/wp-content\/gallery\/landscape\/entretat-44-von-1.jpg\"><img loading=\"lazy\" decoding=\"async\" src=\"https:\/\/uhlenbru.ch\/wp-content\/plugins\/justified-image-grid\/timthumb.php?src=https%3A%2F%2Fuhlenbru.ch%2Fwp-content%2Fgallery%2Flandscape%2Fentretat-44-von-1.jpg&amp;h=175&amp;q=90&amp;f=.jpg\" alt=\"Mark Uhlenbruch Fotografie Langzeitbeliochtung\" width=\"116\" height=\"175\" \/><\/a><p class=\"jig-HTMLdescription\">Mark Uhlenbruch Fotografie Langzeitbeliochtung<br\/><\/p><\/li><li><a href=\"https:\/\/uhlenbru.ch\/\/wp-content\/gallery\/landscape\/ETRETAT-5.jpg\"><img loading=\"lazy\" decoding=\"async\" src=\"https:\/\/uhlenbru.ch\/wp-content\/plugins\/justified-image-grid\/timthumb.php?src=https%3A%2F%2Fuhlenbru.ch%2Fwp-content%2Fgallery%2Flandscape%2FETRETAT-5.jpg&amp;h=175&amp;q=90&amp;f=.jpg\" alt=\"Mark Uhlenbruch Fotografie Black&amp;White\" width=\"262\" height=\"175\" \/><\/a><p class=\"jig-HTMLdescription\">Mark Uhlenbruch Fotografie Black&White<br\/><\/p><\/li><li><a href=\"https:\/\/uhlenbru.ch\/\/wp-content\/gallery\/landscape\/entretat-76-von-1.jpg\"><img loading=\"lazy\" decoding=\"async\" src=\"https:\/\/uhlenbru.ch\/wp-content\/plugins\/justified-image-grid\/timthumb.php?src=https%3A%2F%2Fuhlenbru.ch%2Fwp-content%2Fgallery%2Flandscape%2Fentretat-76-von-1.jpg&amp;h=175&amp;q=90&amp;f=.jpg\" alt=\"Mark Uhlenbruch Fotografie Black&amp;White\" width=\"342\" height=\"175\" \/><\/a><p class=\"jig-HTMLdescription\">Mark Uhlenbruch Fotografie Black&White<br\/><\/p><\/li><li><a href=\"https:\/\/uhlenbru.ch\/\/wp-content\/gallery\/landscape\/stars-61-von-1.jpg\"><img loading=\"lazy\" decoding=\"async\" src=\"https:\/\/uhlenbru.ch\/wp-content\/plugins\/justified-image-grid\/timthumb.php?src=https%3A%2F%2Fuhlenbru.ch%2Fwp-content%2Fgallery%2Flandscape%2Fstars-61-von-1.jpg&amp;h=175&amp;q=90&amp;f=.jpg\" alt=\"Mark Uhlenbruch Fotografie Galaxie\" width=\"116\" height=\"175\" \/><\/a><p class=\"jig-HTMLdescription\">Mark Uhlenbruch Fotografie Galaxie<br\/><\/p><\/li><li><a href=\"https:\/\/uhlenbru.ch\/\/wp-content\/gallery\/landscape\/entretat-44-von-1-1.jpg\"><img loading=\"lazy\" decoding=\"async\" src=\"https:\/\/uhlenbru.ch\/wp-content\/plugins\/justified-image-grid\/timthumb.php?src=https%3A%2F%2Fuhlenbru.ch%2Fwp-content%2Fgallery%2Flandscape%2Fentretat-44-von-1-1.jpg&amp;h=175&amp;q=90&amp;f=.jpg\" alt=\"Mark Uhlenbruch Fotografie\" width=\"116\" height=\"175\" \/><\/a><p class=\"jig-HTMLdescription\">Mark Uhlenbruch Fotografie<br\/><\/p><\/li><li><a href=\"https:\/\/uhlenbru.ch\/\/wp-content\/gallery\/landscape\/entretat-70-von-1.jpg\"><img loading=\"lazy\" decoding=\"async\" src=\"https:\/\/uhlenbru.ch\/wp-content\/plugins\/justified-image-grid\/timthumb.php?src=https%3A%2F%2Fuhlenbru.ch%2Fwp-content%2Fgallery%2Flandscape%2Fentretat-70-von-1.jpg&amp;h=175&amp;q=90&amp;f=.jpg\" alt=\"Mark Uhlenbruch Fotografie\" width=\"116\" height=\"175\" \/><\/a><p class=\"jig-HTMLdescription\">Mark Uhlenbruch Fotografie<br\/><\/p><\/li><li><a href=\"https:\/\/uhlenbru.ch\/\/wp-content\/gallery\/landscape\/landscape-a-3-Kopie.jpg\"><img loading=\"lazy\" decoding=\"async\" src=\"https:\/\/uhlenbru.ch\/wp-content\/plugins\/justified-image-grid\/timthumb.php?src=https%3A%2F%2Fuhlenbru.ch%2Fwp-content%2Fgallery%2Flandscape%2Flandscape-a-3-Kopie.jpg&amp;h=175&amp;q=90&amp;f=.jpg\" alt=\"Mark Uhlenbruch Fotografie Somewhere in Sweden\" width=\"577\" height=\"175\" \/><\/a><p class=\"jig-HTMLdescription\">Mark Uhlenbruch Fotografie Somewhere in Sweden<br\/><\/p><\/li><li><a href=\"https:\/\/uhlenbru.ch\/\/wp-content\/gallery\/landscape\/landscape-a-3.jpg\"><img loading=\"lazy\" decoding=\"async\" src=\"https:\/\/uhlenbru.ch\/wp-content\/plugins\/justified-image-grid\/timthumb.php?src=https%3A%2F%2Fuhlenbru.ch%2Fwp-content%2Fgallery%2Flandscape%2Flandscape-a-3.jpg&amp;h=175&amp;q=90&amp;f=.jpg\" alt=\"Mark Uhlenbruch Fotografie Sweden\" width=\"577\" height=\"175\" \/><\/a><p class=\"jig-HTMLdescription\">Mark Uhlenbruch Fotografie Sweden<br\/><\/p><\/li><li><a href=\"https:\/\/uhlenbru.ch\/\/wp-content\/gallery\/landscape\/landscape-a-11.jpg\"><img loading=\"lazy\" decoding=\"async\" src=\"https:\/\/uhlenbru.ch\/wp-content\/plugins\/justified-image-grid\/timthumb.php?src=https%3A%2F%2Fuhlenbru.ch%2Fwp-content%2Fgallery%2Flandscape%2Flandscape-a-11.jpg&amp;h=175&amp;q=90&amp;f=.jpg\" alt=\"Mark Uhlenbruch Fotografie Sweden\" width=\"453\" height=\"175\" \/><\/a><p class=\"jig-HTMLdescription\">Mark Uhlenbruch Fotografie Sweden<br\/><\/p><\/li><li><a href=\"https:\/\/uhlenbru.ch\/\/wp-content\/gallery\/landscape\/landscape-a-8.jpg\"><img loading=\"lazy\" decoding=\"async\" src=\"https:\/\/uhlenbru.ch\/wp-content\/plugins\/justified-image-grid\/timthumb.php?src=https%3A%2F%2Fuhlenbru.ch%2Fwp-content%2Fgallery%2Flandscape%2Flandscape-a-8.jpg&amp;h=175&amp;q=90&amp;f=.jpg\" alt=\"Mark Uhlenbruch Fotografie Sweden\" width=\"262\" height=\"175\" \/><\/a><p class=\"jig-HTMLdescription\">Mark Uhlenbruch Fotografie Sweden<br\/><\/p><\/li><li><a href=\"https:\/\/uhlenbru.ch\/\/wp-content\/gallery\/landscape\/landscape-a-7.jpg\"><img loading=\"lazy\" decoding=\"async\" src=\"https:\/\/uhlenbru.ch\/wp-content\/plugins\/justified-image-grid\/timthumb.php?src=https%3A%2F%2Fuhlenbru.ch%2Fwp-content%2Fgallery%2Flandscape%2Flandscape-a-7.jpg&amp;h=175&amp;q=90&amp;f=.jpg\" alt=\"Mark Uhlenbruch Fotografie Sweden\" width=\"262\" height=\"175\" \/><\/a><p class=\"jig-HTMLdescription\">Mark Uhlenbruch Fotografie Sweden<br\/><\/p><\/li><li><a href=\"https:\/\/uhlenbru.ch\/\/wp-content\/gallery\/landscape\/landscape-a-9.jpg\"><img loading=\"lazy\" decoding=\"async\" src=\"https:\/\/uhlenbru.ch\/wp-content\/plugins\/justified-image-grid\/timthumb.php?src=https%3A%2F%2Fuhlenbru.ch%2Fwp-content%2Fgallery%2Flandscape%2Flandscape-a-9.jpg&amp;h=175&amp;q=90&amp;f=.jpg\" alt=\"Mark Uhlenbruch Fotografie Sweden\" width=\"262\" height=\"175\" \/><\/a><p class=\"jig-HTMLdescription\">Mark Uhlenbruch Fotografie Sweden<br\/><\/p><\/li><li><a href=\"https:\/\/uhlenbru.ch\/\/wp-content\/gallery\/landscape\/landscape-a-10.jpg\"><img loading=\"lazy\" decoding=\"async\" src=\"https:\/\/uhlenbru.ch\/wp-content\/plugins\/justified-image-grid\/timthumb.php?src=https%3A%2F%2Fuhlenbru.ch%2Fwp-content%2Fgallery%2Flandscape%2Flandscape-a-10.jpg&amp;h=175&amp;q=90&amp;f=.jpg\" alt=\"Mark Uhlenbruch Fotografie Sweden\" width=\"262\" height=\"175\" \/><\/a><p class=\"jig-HTMLdescription\">Mark Uhlenbruch Fotografie Sweden<br\/><\/p><\/li><li><a href=\"https:\/\/uhlenbru.ch\/\/wp-content\/gallery\/landscape\/landscape-a-5.jpg\"><img loading=\"lazy\" decoding=\"async\" src=\"https:\/\/uhlenbru.ch\/wp-content\/plugins\/justified-image-grid\/timthumb.php?src=https%3A%2F%2Fuhlenbru.ch%2Fwp-content%2Fgallery%2Flandscape%2Flandscape-a-5.jpg&amp;h=175&amp;q=90&amp;f=.jpg\" alt=\"Mark Uhlenbruch Fotografie Sweden\" width=\"370\" height=\"175\" \/><\/a><p class=\"jig-HTMLdescription\">Mark Uhlenbruch Fotografie Sweden<br\/><\/p><\/li><\/ul><\/noscript><\/div>","protected":false},"excerpt":{"rendered":"<p>Die Landschaftsfotografie ist eine faszinierende Disziplin, die die majest\u00e4tische Sch\u00f6nheit der Natur in beeindruckenden Bildern einf\u00e4ngt. Mit einem Fokus auf weite Panoramen, markante Gel\u00e4ndeformen und atemberaubende Naturschauspiele erm\u00f6glicht es diese Art der Fotografie, die Pracht unserer Umwelt festzuhalten. Durch geschickte Komposition, Lichtsetzung und Perspektivwahl wird die Landschaftsfotografie zu einer k\u00fcnstlerischen Ausdrucksform, die die Betrachter in [&hellip;]<\/p>\n","protected":false},"author":1,"featured_media":0,"parent":19,"menu_order":0,"comment_status":"closed","ping_status":"closed","template":"","meta":{"ngg_post_thumbnail":0,"footnotes":""},"_links":{"self":[{"href":"https:\/\/uhlenbru.ch\/index.php?rest_route=\/wp\/v2\/pages\/356"}],"collection":[{"href":"https:\/\/uhlenbru.ch\/index.php?rest_route=\/wp\/v2\/pages"}],"about":[{"href":"https:\/\/uhlenbru.ch\/index.php?rest_route=\/wp\/v2\/types\/page"}],"author":[{"embeddable":true,"href":"https:\/\/uhlenbru.ch\/index.php?rest_route=\/wp\/v2\/users\/1"}],"replies":[{"embeddable":true,"href":"https:\/\/uhlenbru.ch\/index.php?rest_route=%2Fwp%2Fv2%2Fcomments&post=356"}],"version-history":[{"count":2,"href":"https:\/\/uhlenbru.ch\/index.php?rest_route=\/wp\/v2\/pages\/356\/revisions"}],"predecessor-version":[{"id":2179,"href":"https:\/\/uhlenbru.ch\/index.php?rest_route=\/wp\/v2\/pages\/356\/revisions\/2179"}],"up":[{"embeddable":true,"href":"https:\/\/uhlenbru.ch\/index.php?rest_route=\/wp\/v2\/pages\/19"}],"wp:attachment":[{"href":"https:\/\/uhlenbru.ch\/index.php?rest_route=%2Fwp%2Fv2%2Fmedia&parent=356"}],"curies":[{"name":"wp","href":"https:\/\/api.w.org\/{rel}","templated":true}]}}